{"id":53,"date":"2020-10-17T14:58:03","date_gmt":"2020-10-17T14:58:03","guid":{"rendered":"https:\/\/psychotherapie.strassl.info\/?page_id=53"},"modified":"2024-09-12T07:20:57","modified_gmt":"2024-09-12T07:20:57","slug":"psychotherapie","status":"publish","type":"page","link":"https:\/\/psychotherapie.strassl.info\/?page_id=53","title":{"rendered":"Psychotherapie"},"content":{"rendered":"<p>Jede*r von uns ist einzigartig. Keine Biografie gleicht der anderen. Jede*r von uns erlebt Einfl\u00fcsse, welche innere Spannungen oder Konflikte ausl\u00f6sen, die unser pers\u00f6nliches Wachstum behindern.<\/p>\n<p>Die Personzentrierte Gespr\u00e4chspsychotherapie sieht als Basis die wachsende Vertrauensbeziehung zwischen Ihnen als Klient*in und mir als Therapeut. Meine therapeutische Haltung von Einf\u00fchlsamkeit, unbedingter Wertsch\u00e4tzung und Aufrichtigkeit f\u00f6rdert bei Ihnen einen positiven Umgang mit diversen Spannungen, Krisen oder Kr\u00e4nkungen. Sie sollen Vertrauen in Ihren eigenen Wert, Ihre Wahrnehmungen und Gef\u00fchle entwickeln. So k\u00f6nnen Sie neue M\u00f6glichkeiten finden, mit Problemen umzugehen und einen bewussten, flexiblen und realistischen Umgang mit sich selbst und anderen entwickeln.<\/p>\n<p>Eine Altersbeschr\u00e4nkung gibt es nicht &#8211; Psychotherapie kann in jedem Alter hilfreich sein.<\/p>\n<p>Eine Einheit Psychotherapie dauert <strong>50 Minuten<\/strong> und kostet <strong>80<\/strong><strong>\u00a0Euro<\/strong>.<\/p>\n<p>Sollten Sie einen vereinbarten Termin nicht wahrnehmen k\u00f6nnen, sagen Sie diesen bitte bis sp\u00e4testens 24 Stunden vorher ab &#8211; so entstehen Ihnen keinerlei Kosten. Bei kurzfristigem oder fehlendem <strong>Absagen<\/strong> wird das Honorar von mir verrechnet.<\/p>\n","protected":false},"excerpt":{"rendered":"<p>Jede*r von uns ist einzigartig. Keine Biografie gleicht der anderen. Jede*r von uns erlebt Einfl\u00fcsse, welche innere Spannungen oder Konflikte ausl\u00f6sen, die unser pers\u00f6nliches Wachstum behindern. Die Personzentrierte Gespr\u00e4chspsychotherapie sieht als Basis die wachsende Vertrauensbeziehung zwischen Ihnen als Klient*in und mir als Therapeut. Meine therapeutische Haltung von Einf\u00fchlsamkeit, unbedingter Wertsch\u00e4tzung und Aufrichtigkeit f\u00f6rdert bei Ihnen &hellip; <\/p>\n<p class=\"link-more\"><a href=\"https:\/\/psychotherapie.strassl.info\/?page_id=53\" class=\"more-link\"><span class=\"screen-reader-text\">\u201ePsychotherapie\u201c<\/span> weiterlesen<\/a><\/p>\n","protected":false},"author":2,"featured_media":0,"parent":0,"menu_order":0,"comment_status":"closed","ping_status":"closed","template":"","meta":{"footnotes":""},"class_list":["post-53","page","type-page","status-publish","hentry"],"_links":{"self":[{"href":"https:\/\/psychotherapie.strassl.info\/index.php?rest_route=\/wp\/v2\/pages\/53"}],"collection":[{"href":"https:\/\/psychotherapie.strassl.info\/index.php?rest_route=\/wp\/v2\/pages"}],"about":[{"href":"https:\/\/psychotherapie.strassl.info\/index.php?rest_route=\/wp\/v2\/types\/page"}],"author":[{"embeddable":true,"href":"https:\/\/psychotherapie.strassl.info\/index.php?rest_route=\/wp\/v2\/users\/2"}],"replies":[{"embeddable":true,"href":"https:\/\/psychotherapie.strassl.info\/index.php?rest_route=%2Fwp%2Fv2%2Fcomments&post=53"}],"version-history":[{"count":12,"href":"https:\/\/psychotherapie.strassl.info\/index.php?rest_route=\/wp\/v2\/pages\/53\/revisions"}],"predecessor-version":[{"id":171,"href":"https:\/\/psychotherapie.strassl.info\/index.php?rest_route=\/wp\/v2\/pages\/53\/revisions\/171"}],"wp:attachment":[{"href":"https:\/\/psychotherapie.strassl.info\/index.php?rest_route=%2Fwp%2Fv2%2Fmedia&parent=53"}],"curies":[{"name":"wp","href":"https:\/\/api.w.org\/{rel}","templated":true}]}}