{"id":54,"date":"2020-10-17T14:58:04","date_gmt":"2020-10-17T14:58:04","guid":{"rendered":"https:\/\/psychotherapie.strassl.info\/?page_id=54"},"modified":"2020-10-18T20:26:41","modified_gmt":"2020-10-18T20:26:41","slug":"supervision","status":"publish","type":"page","link":"https:\/\/psychotherapie.strassl.info\/?page_id=54","title":{"rendered":"Supervision"},"content":{"rendered":"<p>Supervision richtet sich an Menschen oder Teams im beruflichen Kontext.<br \/>\nDie Personzentrierte Supervision versucht mit emphatischer, wertsch\u00e4tzender und authentischer Haltung gemeinsam einen distanzierten und objektivierten Blick auf die Situation zu gewinnen.<br \/>\nIm Innen: erforscht, begreift und kl\u00e4rt der\/die Supervisand*in sich selber in der beruflichen Situation, man kommt sich n\u00e4her, wird klarer. Im Au\u00dfen: richtet sich die Aufmerksamkeit auf die Botschaften der Kolleginnen und Kollegen, die beruflichen Voraussetzungen und die institutionellen Bedingungen. So wird es m\u00f6glich, dass man sich gegenseitig besser versteht und handlungsf\u00e4hig wird. Neue L\u00f6sungen k\u00f6nnen entstehen, professionelles Wachstum wird m\u00f6glich. <\/p>\n<p>Eine Einheit Supervision dauert <strong>50 Minuten<\/strong> und kostet <strong>90 Euro<\/strong>.<\/p>\n","protected":false},"excerpt":{"rendered":"<p>Supervision richtet sich an Menschen oder Teams im beruflichen Kontext. Die Personzentrierte Supervision versucht mit emphatischer, wertsch\u00e4tzender und authentischer Haltung gemeinsam einen distanzierten und objektivierten Blick auf die Situation zu gewinnen. Im Innen: erforscht, begreift und kl\u00e4rt der\/die Supervisand*in sich selber in der beruflichen Situation, man kommt sich n\u00e4her, wird klarer. Im Au\u00dfen: richtet sich &hellip; <\/p>\n<p class=\"link-more\"><a href=\"https:\/\/psychotherapie.strassl.info\/?page_id=54\" class=\"more-link\"><span class=\"screen-reader-text\">\u201eSupervision\u201c<\/span> weiterlesen<\/a><\/p>\n","protected":false},"author":2,"featured_media":0,"parent":0,"menu_order":0,"comment_status":"closed","ping_status":"closed","template":"","meta":{"footnotes":""},"class_list":["post-54","page","type-page","status-publish","hentry"],"_links":{"self":[{"href":"https:\/\/psychotherapie.strassl.info\/index.php?rest_route=\/wp\/v2\/pages\/54"}],"collection":[{"href":"https:\/\/psychotherapie.strassl.info\/index.php?rest_route=\/wp\/v2\/pages"}],"about":[{"href":"https:\/\/psychotherapie.strassl.info\/index.php?rest_route=\/wp\/v2\/types\/page"}],"author":[{"embeddable":true,"href":"https:\/\/psychotherapie.strassl.info\/index.php?rest_route=\/wp\/v2\/users\/2"}],"replies":[{"embeddable":true,"href":"https:\/\/psychotherapie.strassl.info\/index.php?rest_route=%2Fwp%2Fv2%2Fcomments&post=54"}],"version-history":[{"count":6,"href":"https:\/\/psychotherapie.strassl.info\/index.php?rest_route=\/wp\/v2\/pages\/54\/revisions"}],"predecessor-version":[{"id":152,"href":"https:\/\/psychotherapie.strassl.info\/index.php?rest_route=\/wp\/v2\/pages\/54\/revisions\/152"}],"wp:attachment":[{"href":"https:\/\/psychotherapie.strassl.info\/index.php?rest_route=%2Fwp%2Fv2%2Fmedia&parent=54"}],"curies":[{"name":"wp","href":"https:\/\/api.w.org\/{rel}","templated":true}]}}